{"id":382,"date":"2024-04-10T07:59:52","date_gmt":"2024-04-10T07:59:52","guid":{"rendered":"https:\/\/inscripciones.extremaduraavante.es\/?page_id=382"},"modified":"2024-04-22T09:37:46","modified_gmt":"2024-04-22T09:37:46","slug":"inscripcion-en-el-servicio-de-identificacion-de-socios-comerciales-2024","status":"publish","type":"page","link":"https:\/\/inscripciones.extremaduraavante.es\/?page_id=382","title":{"rendered":"Inscripci\u00f3n en el Servicio de Identificaci\u00f3n de Socios Comerciales 2024"},"content":{"rendered":"<p>Lo siento.  Este formulario ya no est\u00e1 disponible.<\/p>\n\n\n<div class=\"wp-block-columns is-layout-flex wp-container-core-columns-is-layout-9d6595d7 wp-block-columns-is-layout-flex\">\n<div class=\"wp-block-column is-layout-flow wp-block-column-is-layout-flow\">\n<figure class=\"wp-block-image size-full\"><img loading=\"lazy\" decoding=\"async\" width=\"408\" height=\"90\" src=\"https:\/\/inscripciones.extremaduraavante.es\/wp-content\/uploads\/2024\/04\/confinPOS.png\" alt=\"\" class=\"wp-image-392\" srcset=\"https:\/\/inscripciones.extremaduraavante.es\/wp-content\/uploads\/2024\/04\/confinPOS.png 408w, https:\/\/inscripciones.extremaduraavante.es\/wp-content\/uploads\/2024\/04\/confinPOS-300x66.png 300w\" sizes=\"auto, (max-width: 408px) 100vw, 408px\" \/><\/figure>\n<\/div>\n\n\n\n<div class=\"wp-block-column is-layout-flow wp-block-column-is-layout-flow\">\n<figure class=\"wp-block-image size-full\"><img loading=\"lazy\" decoding=\"async\" width=\"771\" height=\"163\" src=\"https:\/\/inscripciones.extremaduraavante.es\/wp-content\/uploads\/2024\/04\/Logotipos_RGB_FondosEuropeos_Positivo_Castellano.png\" alt=\"\" class=\"wp-image-390\" srcset=\"https:\/\/inscripciones.extremaduraavante.es\/wp-content\/uploads\/2024\/04\/Logotipos_RGB_FondosEuropeos_Positivo_Castellano.png 771w, https:\/\/inscripciones.extremaduraavante.es\/wp-content\/uploads\/2024\/04\/Logotipos_RGB_FondosEuropeos_Positivo_Castellano-480x101.png 480w\" sizes=\"auto, (min-width: 0px) and (max-width: 480px) 480px, (min-width: 481px) 771px, 100vw\" \/><\/figure>\n<\/div>\n\n\n\n<div class=\"wp-block-column is-layout-flow wp-block-column-is-layout-flow\">\n<figure class=\"wp-block-image size-large\"><img loading=\"lazy\" decoding=\"async\" width=\"1024\" height=\"356\" src=\"https:\/\/inscripciones.extremaduraavante.es\/wp-content\/uploads\/2024\/04\/LOGO-PV-CENTRADO_ECONOMIA-1024x356.png\" alt=\"\" class=\"wp-image-391\" srcset=\"https:\/\/inscripciones.extremaduraavante.es\/wp-content\/uploads\/2024\/04\/LOGO-PV-CENTRADO_ECONOMIA-980x341.png 980w, https:\/\/inscripciones.extremaduraavante.es\/wp-content\/uploads\/2024\/04\/LOGO-PV-CENTRADO_ECONOMIA-480x167.png 480w\" sizes=\"auto, (min-width: 0px) and (max-width: 480px) 480px, (min-width: 481px) and (max-width: 980px) 980px, (min-width: 981px) 1024px, 100vw\" \/><\/figure>\n<\/div>\n<\/div>\n\n\n\n<div style=\"height:58px\" aria-hidden=\"true\" class=\"wp-block-spacer\"><\/div>\n","protected":false},"excerpt":{"rendered":"","protected":false},"author":1,"featured_media":0,"parent":0,"menu_order":0,"comment_status":"closed","ping_status":"closed","template":"","meta":{"_et_pb_use_builder":"off","_et_pb_old_content":"","_et_gb_content_width":"","footnotes":""},"class_list":["post-382","page","type-page","status-publish","hentry"],"_links":{"self":[{"href":"https:\/\/inscripciones.extremaduraavante.es\/index.php?rest_route=\/wp\/v2\/pages\/382","targetHints":{"allow":["GET"]}}],"collection":[{"href":"https:\/\/inscripciones.extremaduraavante.es\/index.php?rest_route=\/wp\/v2\/pages"}],"about":[{"href":"https:\/\/inscripciones.extremaduraavante.es\/index.php?rest_route=\/wp\/v2\/types\/page"}],"author":[{"embeddable":true,"href":"https:\/\/inscripciones.extremaduraavante.es\/index.php?rest_route=\/wp\/v2\/users\/1"}],"replies":[{"embeddable":true,"href":"https:\/\/inscripciones.extremaduraavante.es\/index.php?rest_route=%2Fwp%2Fv2%2Fcomments&post=382"}],"version-history":[{"count":4,"href":"https:\/\/inscripciones.extremaduraavante.es\/index.php?rest_route=\/wp\/v2\/pages\/382\/revisions"}],"predecessor-version":[{"id":393,"href":"https:\/\/inscripciones.extremaduraavante.es\/index.php?rest_route=\/wp\/v2\/pages\/382\/revisions\/393"}],"wp:attachment":[{"href":"https:\/\/inscripciones.extremaduraavante.es\/index.php?rest_route=%2Fwp%2Fv2%2Fmedia&parent=382"}],"curies":[{"name":"wp","href":"https:\/\/api.w.org\/{rel}","templated":true}]}}